{"id":156,"date":"2018-04-24T20:04:42","date_gmt":"2018-04-24T20:04:42","guid":{"rendered":"https:\/\/rapidgatorpremium.net\/?page_id=156"},"modified":"2020-12-15T00:06:37","modified_gmt":"2020-12-15T00:06:37","slug":"rapidgator-premium-account","status":"publish","type":"page","link":"https:\/\/rapidgatorpremium.net\/new2\/it\/","title":{"rendered":"RAPIDGATOR PREMIUM ACCOUNT"},"content":{"rendered":"<p>Per soddisfare il maggior numero possibile di clienti, Rapidgator Premium Account viene offerto con nove diverse condizioni. A partire da soli 14,99 dollari, i clienti possono utilizzare il servizio per 30 giorni, con una larghezza di banda di un terabyte. Ma se si vuole veramente condividere grandi quantit\u00e0 di file in modo conveniente, si dovrebbe usare l&#8217;opzione annuale per $99.99, con cui dieci terabyte di dati possono essere memorizzati e una larghezza di banda di dodici terabyte \u00e8 reso disponibile.<\/p>\n<p>Come gi\u00e0 accennato in precedenza, Rapidgator (Premium) punta sulla flessibilit\u00e0 nella sua offerta di servizi. Il cliente pu\u00f2 utilizzare il servizio anche per 60, 90 e 180 giorni con diversi volumi di memoria e larghezze di banda. Il volume di dati di un terabyte, equivalente a 1000 GB, dovrebbe essere sufficiente anche per gli utenti pi\u00f9 esigenti in condizioni normali. Tuttavia, se ci\u00f2 non bastasse, \u00e8 possibile utilizzare volumi di memoria illimitati con i conti Rapidgator per l&#8217;intera durata del contratto di 365 giorni.<\/p>\n<div id=\"toc_container\" class=\"no_bullets\"><ul class=\"toc_list\"><li><a href=\"#I_vantaggi\"><span class=\"toc_number toc_depth_1\">1<\/span> I vantaggi<\/a><\/li><li><a href=\"#Costi\"><span class=\"toc_number toc_depth_1\">2<\/span> Costi<\/a><\/li><li><a href=\"#L8217interfaccia_utente\"><span class=\"toc_number toc_depth_1\">3<\/span> L&#8217;interfaccia utente<\/a><\/li><li><a href=\"#L8217operazione\"><span class=\"toc_number toc_depth_1\">4<\/span> L&#8217;operazione<\/a><\/li><li><a href=\"#La_sicurezza\"><span class=\"toc_number toc_depth_1\">5<\/span> La sicurezza<\/a><\/li><li><a href=\"#Le_opzioni_di_pagamento\"><span class=\"toc_number toc_depth_1\">6<\/span> Le opzioni di pagamento<\/a><\/li><li><a href=\"#Servizio_Clienti\"><span class=\"toc_number toc_depth_1\">7<\/span> Servizio Clienti<\/a><\/li><li><a href=\"#Informazioni_sull8217azienda\"><span class=\"toc_number toc_depth_1\">8<\/span> Informazioni sull&#8217;azienda<\/a><\/li><li><a href=\"#Rapidgator_si_impegna_a\"><span class=\"toc_number toc_depth_1\">9<\/span> Rapidgator si impegna a<\/a><\/li><li><a href=\"#Rialzo\"><span class=\"toc_number toc_depth_1\">10<\/span> Rialzo<\/a><\/li><li><a href=\"#Collegamento\"><span class=\"toc_number toc_depth_1\">11<\/span> Collegamento<\/a><\/li><\/ul><\/div>\n\n<p>[maxbutton id=&#8221;3&#8243; text=&#8221;Acquista un conto Premium&#8221;]<\/p>\n<h2><span id=\"I_vantaggi\">I vantaggi<\/span><\/h2>\n<ul>\n<li>Velocit\u00e0 di download e upload molto elevata<\/li>\n<li>I dati verranno cancellati solo dopo 60 giorni.<\/li>\n<li>Nessuna pubblicit\u00e0<\/li>\n<li>\u00c8 possibile caricare 5 GB per download<\/li>\n<li>Nessun tempo di attesa<\/li>\n<li>Nessuna richiesta di sicurezza per il download<\/li>\n<li>Nessuna limitazione per download simultanei<\/li>\n<\/ul>\n<h2><span id=\"Costi\">Costi<\/span><\/h2>\n\n<table id=\"tablepress-11\" class=\"tablepress tablepress-id-11\">\n<thead>\n<tr class=\"row-1 odd\">\n\t<th class=\"column-1\">Autonomia<\/th><th class=\"column-2\">Larghezza di banda<\/th><th class=\"column-3\">Spazio di archiviazione<\/th><th class=\"column-4\">Costi<\/th>\n<\/tr>\n<\/thead>\n<tbody class=\"row-hover\">\n<tr class=\"row-2 even\">\n\t<td class=\"column-1\">30<\/td><td class=\"column-2\">1 TB<\/td><td class=\"column-3\">illimitato<\/td><td class=\"column-4\">14,99 USD<\/td>\n<\/tr>\n<tr class=\"row-3 odd\">\n\t<td class=\"column-1\">30<\/td><td class=\"column-2\">1 TB<\/td><td class=\"column-3\">3 TB<\/td><td class=\"column-4\">14,99 USD<\/td>\n<\/tr>\n<tr class=\"row-4 even\">\n\t<td class=\"column-1\">60<\/td><td class=\"column-2\">2 TB<\/td><td class=\"column-3\">3 TB<\/td><td class=\"column-4\">29,99 USD<\/td>\n<\/tr>\n<tr class=\"row-5 odd\">\n\t<td class=\"column-1\">90<\/td><td class=\"column-2\">4 TB<\/td><td class=\"column-3\">illimitato<\/td><td class=\"column-4\">39,99 USD<\/td>\n<\/tr>\n<tr class=\"row-6 even\">\n\t<td class=\"column-1\">90<\/td><td class=\"column-2\">4 TB<\/td><td class=\"column-3\">3 TB<\/td><td class=\"column-4\">39,99 USD<\/td>\n<\/tr>\n<tr class=\"row-7 odd\">\n\t<td class=\"column-1\">180<\/td><td class=\"column-2\">6 TB<\/td><td class=\"column-3\">illimitato<\/td><td class=\"column-4\">49,99 USD<\/td>\n<\/tr>\n<tr class=\"row-8 even\">\n\t<td class=\"column-1\">180<\/td><td class=\"column-2\">6 TB<\/td><td class=\"column-3\">3 TB<\/td><td class=\"column-4\">69,99 USD<\/td>\n<\/tr>\n<tr class=\"row-9 odd\">\n\t<td class=\"column-1\">365<\/td><td class=\"column-2\">12 TB<\/td><td class=\"column-3\">illimitato<\/td><td class=\"column-4\">99,99 USD<\/td>\n<\/tr>\n<tr class=\"row-10 even\">\n\t<td class=\"column-1\">365<\/td><td class=\"column-2\">12 TB<\/td><td class=\"column-3\">10 TB<\/td><td class=\"column-4\">99,99 USD<\/td>\n<\/tr>\n<\/tbody>\n<\/table>\n\n<p>[maxbutton id=&#8221;3&#8243; text=&#8221;Acquista un conto Premium&#8221;]<\/p>\n<h2><span id=\"L8217interfaccia_utente\">L&#8217;interfaccia utente<\/span><\/h2>\n<p>Rapidgator fornisce il proprio gestore di file in modo che gli utenti possano gestire i propri file in modo efficiente. \u00c8 in lingua tedesca e facilita enormemente l&#8217;amministrazione dei file caricati. L&#8217;utente pu\u00f2 creare le proprie cartelle per tenere traccia di grandi quantit\u00e0 di dati. Ogni file viene visualizzato con il nome, la data di caricamento e la dimensione effettiva del file. Rapidgator fornisce anche una funzione di ricerca se un file non pu\u00f2 essere trovato direttamente.<\/p>\n<p>Ogni nuovo utente si abitua rapidamente alla superficie in cui domina il marchio arancione. L&#8217;interfaccia supporta anche la funzione di trascinamento, che rende l&#8217;operazione un gioco da ragazzi.<\/p>\n<h2><span id=\"L8217operazione\">L&#8217;operazione<\/span><\/h2>\n<p>Con un account Rapidgator l&#8217;utente ha due opzioni per condividere i file. L&#8217;opzione migliore per i file di piccole dimensioni \u00e8 quella di utilizzare il file manager nel browser Web, che visualizza il tempo rimanente stimato e la quantit\u00e0 di dati gi\u00e0 caricati in percentuale. Se si desidera caricare pi\u00f9 file e maggiori quantit\u00e0 di dati, \u00e8 necessario utilizzare l&#8217;upload tramite il server FTP, che consente velocit\u00e0 di caricamento pi\u00f9 elevate.<\/p>\n<p>Non appena i file vengono caricati su Rapidgator, l&#8217;utente ricever\u00e0 un link per condividerli con qualsiasi altro utente.<\/p>\n<h2><span id=\"La_sicurezza\">La sicurezza<\/span><\/h2>\n<p>Il provider \u00e8 noto per la sua discrezione, tutti i dati degli utenti sono trattati in modo strettamente confidenziale. Rapidgator si impegna a non trasmettere alcuna informazione a terzi.<\/p>\n<p>Ogni upload riceve un link individuale, che non \u00e8 in connessione logica con i file e quindi difficile da rompere. Non c&#8217;\u00e8 una protezione con password per scaricare i file, quindi chiunque abbia il link pu\u00f2 scaricare il file tutte le volte che lo desidera.<\/p>\n<p>Come con altri file hoster, anche la violazione del copyright e altri file illegali sono un problema con Rapidgator. Mentre con altri fornitori gli account possono essere bloccati a causa di file illegali, Rapidgator preferisce eliminare solo i file infetti.<\/p>\n<h2><span id=\"Le_opzioni_di_pagamento\">Le opzioni di pagamento<\/span><\/h2>\n<p>Rapidgator fa anche tutto il possibile per coprire tutte le opzioni di pagamento.<\/p>\n<p>Da accettare:<\/p>\n<ul>\n<li>Webmoney<\/li>\n<li>Mastercard<\/li>\n<li>Visa<\/li>\n<li>Paysafecard<\/li>\n<li>Sofort\u00fcberweisungen<\/li>\n<li>Lastschriftverfahren<\/li>\n<\/ul>\n<h2><span id=\"Servizio_Clienti\">Servizio Clienti<\/span><\/h2>\n<p>Anche se tutte le funzioni dell&#8217;account gratuito Rapidgator e dei conti Rapidgator Premium si spiegano da sole, perch\u00e9 i menu delle funzioni sono in tedesco e sono chiaramente strutturati, sul sito \u00e8 disponibile un&#8217;area FAQ in tedesco.<\/p>\n<p>Se avete ancora domande, il sito tedesco vi fornir\u00e0 solo un modulo di contatto in cui le domande vengono risolte via e-mail. Per coloro che possono comunicare anche in inglese, \u00e8 disponibile l&#8217;assistenza telefonica.<\/p>\n<p>Di regola, tutte le richieste ricevono una risposta immediata e sono caratterizzate da una piacevole disponibilit\u00e0 all&#8217;aiuto. Per evitare un pi\u00f9 lungo scambio di e-mail, le richieste dovrebbero essere quanto pi\u00f9 dettagliate possibile per ricevere anche proposte di soluzione specifiche e concrete.<\/p>\n<h2><span id=\"Informazioni_sull8217azienda\">Informazioni sull&#8217;azienda<\/span><\/h2>\n<p>Rapidgator \u00e8 stata fondata nel 2010 a Cipro, dove l&#8217;azienda ha ancora oggi la sua sede centrale. Secondo l&#8217;azienda, circa 1 milione di utenti utilizzano il servizio ogni giorno per archiviare e condividere in modo sicuro file di qualsiasi dimensione con gli amici.<\/p>\n<p>L&#8217;azienda si impegna a fornire ai propri clienti velocit\u00e0 di download illimitate e una disponibilit\u00e0 del 99,99%. Rapidgator Premium Accounts offre uno spazio di archiviazione illimitato, un file manager facile da usare e un download manager sicuro.<\/p>\n<h2><span id=\"Rapidgator_si_impegna_a\">Rapidgator si impegna a<\/span><\/h2>\n<p><b>Servizio\u00a0<\/b>&#8211; per migliorare costantemente il servizio e stabilire la soddisfazione del cliente come uno degli obiettivi aziendali pi\u00f9 importanti.<\/p>\n<p><strong>Sicurezza delle informazioni<\/strong>\u00a0&#8211; per proteggere i dati personali di tutti i clienti e per proteggere tutti gli aspetti legali in modo che nessuna legge viene violata.<\/p>\n<p><strong>Sicurezza<\/strong>\u00a0&#8211;\u00a0per proteggere tutti i dati e garantire la sicurezza in ogni momento fino all&#8217;estremo.<\/p>\n<p><strong>Tecnologia<\/strong>\u00a0&#8211; l&#8217;azienda investe continuamente nelle ultime tecnologie per fornire il miglior servizio possibile ai propri clienti.<\/p>\n<h2><span id=\"Rialzo\">Rialzo<\/span><\/h2>\n<p>Rapidgator \u00e8 il pi\u00f9 grande fornitore con un&#8217;interfaccia utente tedesca e gode di una vasta comunit\u00e0 di utenti in Germania. La velocit\u00e0 e la facilit\u00e0 d&#8217;uso sono gli standard per gli altri fornitori. I conti Rapidgator Premium sono offerti con condizioni diverse, in modo che si adattino ad ogni esigenza dell&#8217;utente.<\/p>\n<p>Anche se i servizi su rapidgator.net possono essere utilizzati gratuitamente, non sono paragonabili alla velocit\u00e0 delle offerte premium. A causa delle condizioni favorevoli per utilizzare il servizio clienti per 30 giorni, si consiglia di controllare il servizio in dettaglio prima che siano possibili tempi di esecuzione pi\u00f9 lunghi.<\/p>\n<p>L&#8217;unico inconveniente di Rapidgator \u00e8 la mancanza di un servizio telefonico tedesco. Ma anche dopo un controllo approfondito, non siamo riusciti a trovare un punto nell&#8217;interfaccia user-friendly o nel\u00a0<a href=\"http:\/\/jdownloader.org\/\">Download Manager<\/a> che non si spiegasse da solo.<\/p>\n<h2><span id=\"Collegamento\">Collegamento<\/span><\/h2>\n<p>Support-Hotline: +35722030607<br \/>\nMo-So 9:00-18:00 Uhr<\/p>\n<p>(Assistenza in inglese)<\/p>\n<p>[maxbutton id=&#8221;3&#8243; text=&#8221;Acquista un conto Premium&#8221;]<\/p>\n","protected":false},"excerpt":{"rendered":"<p>Per soddisfare il maggior numero possibile di clienti, Rapidgator Premium Account viene offerto con nove diverse condizioni. A partire da<\/p>\n","protected":false},"author":3,"featured_media":0,"parent":0,"menu_order":0,"comment_status":"closed","ping_status":"closed","template":"page-templates\/page-builder.php","meta":[],"yoast_head":"<!-- This site is optimized with the Yoast SEO plugin v18.3 - https:\/\/yoast.com\/wordpress\/plugins\/seo\/ -->\n<title>RAPIDGATOR PREMIUM ACCOUNT<\/title>\n<meta name=\"description\" content=\"Scarica i file da Rapidgator. Cloud hosting, hosting di file sicuro e anonimo\" \/>\n<meta name=\"robots\" content=\"index, follow, max-snippet:-1, max-image-preview:large, max-video-preview:-1\" \/>\n<link rel=\"canonical\" href=\"https:\/\/rapidgatorpremium.net\/new2\/it\/\" \/>\n<meta property=\"og:locale\" content=\"it_IT\" \/>\n<meta property=\"og:type\" content=\"article\" \/>\n<meta property=\"og:title\" content=\"RAPIDGATOR PREMIUM ACCOUNT\" \/>\n<meta property=\"og:description\" content=\"Scarica i file da Rapidgator. Cloud hosting, hosting di file sicuro e anonimo\" \/>\n<meta property=\"og:url\" content=\"https:\/\/rapidgatorpremium.net\/new2\/it\/\" \/>\n<meta property=\"og:site_name\" content=\"Rapidgator Premium Account\" \/>\n<meta property=\"article:modified_time\" content=\"2020-12-15T00:06:37+00:00\" \/>\n<meta name=\"twitter:card\" content=\"summary\" \/>\n<meta name=\"twitter:label1\" content=\"Tempo di lettura stimato\" \/>\n\t<meta name=\"twitter:data1\" content=\"5 minuti\" \/>\n<script type=\"application\/ld+json\" class=\"yoast-schema-graph\">{\"@context\":\"https:\/\/schema.org\",\"@graph\":[{\"@type\":\"WebSite\",\"@id\":\"https:\/\/rapidgatorpremium.net\/new2\/de\/#website\",\"url\":\"https:\/\/rapidgatorpremium.net\/new2\/de\/\",\"name\":\"Rapidgator Premium Account\",\"description\":\"\",\"potentialAction\":[{\"@type\":\"SearchAction\",\"target\":{\"@type\":\"EntryPoint\",\"urlTemplate\":\"https:\/\/rapidgatorpremium.net\/new2\/de\/?s={search_term_string}\"},\"query-input\":\"required name=search_term_string\"}],\"inLanguage\":\"it-IT\"},{\"@type\":\"WebPage\",\"@id\":\"https:\/\/rapidgatorpremium.net\/new2\/it\/#webpage\",\"url\":\"https:\/\/rapidgatorpremium.net\/new2\/it\/\",\"name\":\"RAPIDGATOR PREMIUM ACCOUNT\",\"isPartOf\":{\"@id\":\"https:\/\/rapidgatorpremium.net\/new2\/de\/#website\"},\"datePublished\":\"2018-04-24T20:04:42+00:00\",\"dateModified\":\"2020-12-15T00:06:37+00:00\",\"description\":\"Scarica i file da Rapidgator. Cloud hosting, hosting di file sicuro e anonimo\",\"breadcrumb\":{\"@id\":\"https:\/\/rapidgatorpremium.net\/new2\/it\/#breadcrumb\"},\"inLanguage\":\"it-IT\",\"potentialAction\":[{\"@type\":\"ReadAction\",\"target\":[\"https:\/\/rapidgatorpremium.net\/new2\/it\/\"]}]},{\"@type\":\"BreadcrumbList\",\"@id\":\"https:\/\/rapidgatorpremium.net\/new2\/it\/#breadcrumb\",\"itemListElement\":[{\"@type\":\"ListItem\",\"position\":1,\"name\":\"Startseite\",\"item\":\"https:\/\/rapidgatorpremium.net\/new2\/it\/\"},{\"@type\":\"ListItem\",\"position\":2,\"name\":\"RAPIDGATOR PREMIUM ACCOUNT\"}]}]}<\/script>\n<!-- \/ Yoast SEO plugin. -->","yoast_head_json":{"title":"RAPIDGATOR PREMIUM ACCOUNT","description":"Scarica i file da Rapidgator. Cloud hosting, hosting di file sicuro e anonimo","robots":{"index":"index","follow":"follow","max-snippet":"max-snippet:-1","max-image-preview":"max-image-preview:large","max-video-preview":"max-video-preview:-1"},"canonical":"https:\/\/rapidgatorpremium.net\/new2\/it\/","og_locale":"it_IT","og_type":"article","og_title":"RAPIDGATOR PREMIUM ACCOUNT","og_description":"Scarica i file da Rapidgator. Cloud hosting, hosting di file sicuro e anonimo","og_url":"https:\/\/rapidgatorpremium.net\/new2\/it\/","og_site_name":"Rapidgator Premium Account","article_modified_time":"2020-12-15T00:06:37+00:00","twitter_card":"summary","twitter_misc":{"Tempo di lettura stimato":"5 minuti"},"schema":{"@context":"https:\/\/schema.org","@graph":[{"@type":"WebSite","@id":"https:\/\/rapidgatorpremium.net\/new2\/de\/#website","url":"https:\/\/rapidgatorpremium.net\/new2\/de\/","name":"Rapidgator Premium Account","description":"","potentialAction":[{"@type":"SearchAction","target":{"@type":"EntryPoint","urlTemplate":"https:\/\/rapidgatorpremium.net\/new2\/de\/?s={search_term_string}"},"query-input":"required name=search_term_string"}],"inLanguage":"it-IT"},{"@type":"WebPage","@id":"https:\/\/rapidgatorpremium.net\/new2\/it\/#webpage","url":"https:\/\/rapidgatorpremium.net\/new2\/it\/","name":"RAPIDGATOR PREMIUM ACCOUNT","isPartOf":{"@id":"https:\/\/rapidgatorpremium.net\/new2\/de\/#website"},"datePublished":"2018-04-24T20:04:42+00:00","dateModified":"2020-12-15T00:06:37+00:00","description":"Scarica i file da Rapidgator. Cloud hosting, hosting di file sicuro e anonimo","breadcrumb":{"@id":"https:\/\/rapidgatorpremium.net\/new2\/it\/#breadcrumb"},"inLanguage":"it-IT","potentialAction":[{"@type":"ReadAction","target":["https:\/\/rapidgatorpremium.net\/new2\/it\/"]}]},{"@type":"BreadcrumbList","@id":"https:\/\/rapidgatorpremium.net\/new2\/it\/#breadcrumb","itemListElement":[{"@type":"ListItem","position":1,"name":"Startseite","item":"https:\/\/rapidgatorpremium.net\/new2\/it\/"},{"@type":"ListItem","position":2,"name":"RAPIDGATOR PREMIUM ACCOUNT"}]}]}},"_links":{"self":[{"href":"https:\/\/rapidgatorpremium.net\/new2\/it\/wp-json\/wp\/v2\/pages\/156"}],"collection":[{"href":"https:\/\/rapidgatorpremium.net\/new2\/it\/wp-json\/wp\/v2\/pages"}],"about":[{"href":"https:\/\/rapidgatorpremium.net\/new2\/it\/wp-json\/wp\/v2\/types\/page"}],"author":[{"embeddable":true,"href":"https:\/\/rapidgatorpremium.net\/new2\/it\/wp-json\/wp\/v2\/users\/3"}],"replies":[{"embeddable":true,"href":"https:\/\/rapidgatorpremium.net\/new2\/it\/wp-json\/wp\/v2\/comments?post=156"}],"version-history":[{"count":6,"href":"https:\/\/rapidgatorpremium.net\/new2\/it\/wp-json\/wp\/v2\/pages\/156\/revisions"}],"predecessor-version":[{"id":333,"href":"https:\/\/rapidgatorpremium.net\/new2\/it\/wp-json\/wp\/v2\/pages\/156\/revisions\/333"}],"wp:attachment":[{"href":"https:\/\/rapidgatorpremium.net\/new2\/it\/wp-json\/wp\/v2\/media?parent=156"}],"curies":[{"name":"wp","href":"https:\/\/api.w.org\/{rel}","templated":true}]}}