{"id":167,"date":"2018-05-08T22:54:13","date_gmt":"2018-05-08T22:54:13","guid":{"rendered":"https:\/\/rapidgatorpremium.net\/?page_id=167"},"modified":"2020-12-15T00:06:31","modified_gmt":"2020-12-15T00:06:31","slug":"rapidgator-premium-account","status":"publish","type":"page","link":"https:\/\/rapidgatorpremium.net\/new2\/fr\/","title":{"rendered":"RAPIDGATOR PREMIUM ACCOUNT"},"content":{"rendered":"<p>Pour satisfaire le plus grand nombre de clients, les comptes Premium Rapidgator sont propos\u00e9s avec neuf termes diff\u00e9rents : \u00e0 partir de 14,99 $, les clients peuvent utiliser le service pendant 30 jours, avec une bande passante d&rsquo;un t\u00e9raoctet, mais si vous voulez vraiment partager de grandes quantit\u00e9s de fichiers de mani\u00e8re rentable, vous devriez utiliser l&rsquo;option annuelle pour 99,99 $, qui peut stocker dix t\u00e9raoctets de donn\u00e9es et fournir une bande passante de douze t\u00e9raoctets.<\/p>\n<p>Le client peut utiliser le service pendant 60, 90 et 180 jours avec des volumes de stockage et des bandes passantes diff\u00e9rentes ; un t\u00e9raoctet, \u00e9quivalent \u00e0 1000 Go, devrait \u00eatre suffisant pour les utilisateurs les plus exigeants dans des conditions normales, mais si cela n&rsquo;est pas suffisant, des volumes de stockage illimit\u00e9s peuvent \u00eatre utilis\u00e9s avec les comptes Rapidgator pendant toute la dur\u00e9e du contrat de 365 jours.<\/p>\n<div id=\"toc_container\" class=\"no_bullets\"><ul class=\"toc_list\"><li><a href=\"#Les_avantages\"><span class=\"toc_number toc_depth_1\">1<\/span> Les avantages<\/a><\/li><li><a href=\"#Depense\"><span class=\"toc_number toc_depth_1\">2<\/span> D\u00e9pense<\/a><\/li><li><a href=\"#Lrsquointerface_utilisateur\"><span class=\"toc_number toc_depth_1\">3<\/span> L&rsquo;interface utilisateur<\/a><\/li><li><a href=\"#Lrsquooperation\"><span class=\"toc_number toc_depth_1\">4<\/span> L&rsquo;op\u00e9ration<\/a><\/li><li><a href=\"#La_securite\"><span class=\"toc_number toc_depth_1\">5<\/span> La s\u00e9curit\u00e9<\/a><\/li><li><a href=\"#Les_options_de_paiement\"><span class=\"toc_number toc_depth_1\">6<\/span> Les options de paiement<\/a><\/li><li><a href=\"#Service_a_la_clientele\"><span class=\"toc_number toc_depth_1\">7<\/span> Service \u00e0 la client\u00e8le<\/a><\/li><li><a href=\"#A_propos_de_lrsquoentreprise\"><span class=\"toc_number toc_depth_1\">8<\/span> A propos de l&rsquo;entreprise<\/a><\/li><li><a href=\"#Rapidgator_srsquoengage_a\"><span class=\"toc_number toc_depth_1\">9<\/span> Rapidgator s&rsquo;engage \u00e0<\/a><\/li><li><a href=\"#Resultat\"><span class=\"toc_number toc_depth_1\">10<\/span> R\u00e9sultat<\/a><\/li><li><a href=\"#Contact\"><span class=\"toc_number toc_depth_1\">11<\/span> Contact<\/a><\/li><\/ul><\/div>\n\n<p>[maxbutton id=\u00a0\u00bb3&Prime; text=\u00a0\u00bb&gt;&gt;Acheter un compte premium\u00a0\u00bb]<\/p>\n<h2><span id=\"Les_avantages\">Les avantages<\/span><\/h2>\n<ul>\n<li>Tr\u00e8s grande vitesse de t\u00e9l\u00e9chargement et d&rsquo;upload<\/li>\n<li>Les donn\u00e9es ne seront effac\u00e9es qu&rsquo;apr\u00e8s 60 jours<\/li>\n<li>Aucune publicit\u00e9<\/li>\n<li>Pro t\u00e9l\u00e9chargement ne peut \u00eatre t\u00e9l\u00e9charg\u00e9 5 Go<\/li>\n<li>Pas de temps d&rsquo;attente<\/li>\n<li>Aucune requ\u00eate de s\u00e9curit\u00e9 pour les t\u00e9l\u00e9chargements<\/li>\n<li>Aucune limitation pour les t\u00e9l\u00e9chargements simultan\u00e9s.<\/li>\n<\/ul>\n<h2><span id=\"Depense\">D\u00e9pense<\/span><\/h2>\n\n<table id=\"tablepress-17\" class=\"tablepress tablepress-id-17\">\n<thead>\n<tr class=\"row-1 odd\">\n\t<th class=\"column-1\">Couler<\/th><th class=\"column-2\">Spectre<\/th><th class=\"column-3\">Souvenir<\/th><th class=\"column-4\">D\u00e9pense<\/th>\n<\/tr>\n<\/thead>\n<tbody class=\"row-hover\">\n<tr class=\"row-2 even\">\n\t<td class=\"column-1\">30<\/td><td class=\"column-2\">1 TB<\/td><td class=\"column-3\">illimit\u00e9<\/td><td class=\"column-4\">14,99 USD<\/td>\n<\/tr>\n<tr class=\"row-3 odd\">\n\t<td class=\"column-1\">30<\/td><td class=\"column-2\">1 TB<\/td><td class=\"column-3\">3 TB<\/td><td class=\"column-4\">14,99 USD<\/td>\n<\/tr>\n<tr class=\"row-4 even\">\n\t<td class=\"column-1\">60<\/td><td class=\"column-2\">2 TB<\/td><td class=\"column-3\">3 TB<\/td><td class=\"column-4\">29,99 USD<\/td>\n<\/tr>\n<tr class=\"row-5 odd\">\n\t<td class=\"column-1\">90<\/td><td class=\"column-2\">4 TB<\/td><td class=\"column-3\">illimit\u00e9<\/td><td class=\"column-4\">39,99 USD<\/td>\n<\/tr>\n<tr class=\"row-6 even\">\n\t<td class=\"column-1\">90<\/td><td class=\"column-2\">4 TB<\/td><td class=\"column-3\">3 TB<\/td><td class=\"column-4\">39,99 USD<\/td>\n<\/tr>\n<tr class=\"row-7 odd\">\n\t<td class=\"column-1\">180<\/td><td class=\"column-2\">6 TB<\/td><td class=\"column-3\">illimit\u00e9<\/td><td class=\"column-4\">49,99 USD<\/td>\n<\/tr>\n<tr class=\"row-8 even\">\n\t<td class=\"column-1\">180<\/td><td class=\"column-2\">6 TB<\/td><td class=\"column-3\">3 TB<\/td><td class=\"column-4\">69,99 USD<\/td>\n<\/tr>\n<tr class=\"row-9 odd\">\n\t<td class=\"column-1\">365<\/td><td class=\"column-2\">12 TB<\/td><td class=\"column-3\">illimit\u00e9<\/td><td class=\"column-4\">99,99 USD<\/td>\n<\/tr>\n<tr class=\"row-10 even\">\n\t<td class=\"column-1\">365<\/td><td class=\"column-2\">12 TB<\/td><td class=\"column-3\">10 TB<\/td><td class=\"column-4\">99,99 USD<\/td>\n<\/tr>\n<\/tbody>\n<\/table>\n\n<p>[maxbutton id=\u00a0\u00bb3&Prime; text=\u00a0\u00bb&gt;&gt;Acheter un compte premium\u00a0\u00bb]<\/p>\n<h2><span id=\"Lrsquointerface_utilisateur\">L&rsquo;interface utilisateur<\/span><\/h2>\n<p>Pour permettre aux utilisateurs de g\u00e9rer efficacement leurs fichiers, Rapidgator fournit son propre gestionnaire de fichiers, qui est disponible en anglais et simplifie \u00e9norm\u00e9ment la gestion des fichiers t\u00e9l\u00e9charg\u00e9s ; l&rsquo;utilisateur peut cr\u00e9er ses propres dossiers afin de ne pas perdre la vue d&rsquo;ensemble m\u00eame avec de grandes quantit\u00e9s de donn\u00e9es ; chaque fichier est affich\u00e9 avec le nom, la date de t\u00e9l\u00e9chargement et la taille r\u00e9elle du fichier ; Rapidgator fournit \u00e9galement une fonction de recherche si un fichier ne peut pas \u00eatre trouv\u00e9 directement.<\/p>\n<p>Chaque nouvel utilisateur s&rsquo;habituera rapidement \u00e0 la surface domin\u00e9e par l&rsquo;orange, et la surface supporte \u00e9galement la fonction glisser-d\u00e9poser, ce qui la rend tr\u00e8s facile \u00e0 utiliser.<\/p>\n<h2><span id=\"Lrsquooperation\">L&rsquo;op\u00e9ration<\/span><\/h2>\n<p>Avec un compte Rapidgator, l&rsquo;utilisateur a deux options pour partager des fichiers, la meilleure option pour les petits fichiers est via le gestionnaire de fichiers dans le navigateur Web, qui affiche le temps restant estim\u00e9 et la quantit\u00e9 de donn\u00e9es d\u00e9j\u00e0 t\u00e9l\u00e9charg\u00e9es en pourcentage, si plusieurs fichiers et de plus grandes quantit\u00e9s de donn\u00e9es doivent \u00eatre t\u00e9l\u00e9charg\u00e9es, le t\u00e9l\u00e9chargement via le serveur FTP, ce qui permet des vitesses de t\u00e9l\u00e9chargement plus \u00e9lev\u00e9es.<\/p>\n<p>D\u00e8s que les fichiers sont t\u00e9l\u00e9charg\u00e9s vers Rapidgator, l&rsquo;utilisateur recevra un lien pour les partager avec n&rsquo;importe quel nombre d&rsquo;autres utilisateurs.<\/p>\n<h2><span id=\"La_securite\">La s\u00e9curit\u00e9<\/span><\/h2>\n<p>Le fournisseur est connu pour sa discr\u00e9tion, toutes les donn\u00e9es des utilisateurs seront trait\u00e9es de mani\u00e8re strictement confidentielle et Rapidgator s&rsquo;engage \u00e0 ne pas transmettre d&rsquo;informations \u00e0 des tiers.<\/p>\n<p>Chaque t\u00e9l\u00e9chargement re\u00e7oit un lien individuel qui n&rsquo;est pas logiquement li\u00e9 aux fichiers et qui est donc difficile \u00e0 pirater ; la protection par mot de passe n&rsquo;est pas pr\u00e9vue pour le t\u00e9l\u00e9chargement de fichiers, de sorte que toute personne en possession du lien peut t\u00e9l\u00e9charger le fichier aussi souvent qu&rsquo;elle le souhaite.<\/p>\n<p>Comme avec d&rsquo;autres h\u00e9bergeurs de fichiers, les violations de droits d&rsquo;auteur et autres fichiers ill\u00e9gaux sont \u00e9galement un probl\u00e8me avec Rapidgator, alors que chez d&rsquo;autres fournisseurs les comptes peuvent \u00eatre bloqu\u00e9s pour les fichiers ill\u00e9gaux, Rapidgator pr\u00e9f\u00e8re supprimer uniquement les fichiers concern\u00e9s.<\/p>\n<h2><span id=\"Les_options_de_paiement\">Les options de paiement<\/span><\/h2>\n<p>Rapidgator s&rsquo;efforce \u00e9galement de couvrir toutes les options de paiement.<\/p>\n<p>Pour \u00eatre accept\u00e9 :<\/p>\n<ul>\n<li>Webmoney<\/li>\n<li>Mastercard<\/li>\n<li>Visa<\/li>\n<li>Paysafecard<\/li>\n<li>Virements bancaires instantan\u00e9s<\/li>\n<li>Syst\u00e8me de pr\u00e9l\u00e8vement automatique<\/li>\n<\/ul>\n<h2><span id=\"Service_a_la_clientele\">Service \u00e0 la client\u00e8le<\/span><\/h2>\n<p>M\u00eame si toutes les fonctions du compte Rapidgator gratuit et des comptes Premium Rapidgator s&rsquo;expliquent d&rsquo;elles-m\u00eames parce que les menus de fonctions sont propos\u00e9s en allemand et sont clairement structur\u00e9s, une zone FAQ en allemand est propos\u00e9e sur le site.<\/p>\n<p>Si vous avez encore des questions, le site allemand ne propose qu&rsquo;un formulaire de contact o\u00f9 l&rsquo;on peut r\u00e9pondre aux questions par e-mail, mais si vous pouvez \u00e9galement communiquer en anglais, le support t\u00e9l\u00e9phonique est disponible.<\/p>\n<p>En r\u00e8gle g\u00e9n\u00e9rale, toutes les demandes de renseignements re\u00e7oivent une r\u00e9ponse imm\u00e9diate et se caract\u00e9risent par une agr\u00e9able volont\u00e9 d&rsquo;aider ; afin d&rsquo;\u00e9viter un \u00e9change de courriels plus long, les demandes doivent \u00eatre aussi d\u00e9taill\u00e9es que possible afin de recevoir \u00e9galement des propositions de solutions sp\u00e9cifiques et concr\u00e8tes.<\/p>\n<h2><span id=\"A_propos_de_lrsquoentreprise\">A propos de l&rsquo;entreprise<\/span><\/h2>\n<p>Rapidgator a \u00e9t\u00e9 fond\u00e9 en 2010 \u00e0 Chypre, o\u00f9 l&rsquo;entreprise a toujours son si\u00e8ge social, et selon l&rsquo;entreprise, environ 1 million d&rsquo;utilisateurs utilisent le service chaque jour pour stocker et partager en toute s\u00e9curit\u00e9 des fichiers de toute taille avec des amis.<\/p>\n<p>Rapidgator Premium Accounts offre un stockage illimit\u00e9 de fichiers, un gestionnaire de fichiers convivial et un gestionnaire de t\u00e9l\u00e9chargement s\u00e9curis\u00e9.<\/p>\n<h2><span id=\"Rapidgator_srsquoengage_a\">Rapidgator s&rsquo;engage \u00e0<\/span><\/h2>\n<p><strong>Service<\/strong> &#8211; am\u00e9liorer constamment le service et faire de la satisfaction du client l&rsquo;un des objectifs les plus importants de l&rsquo;entreprise.<\/p>\n<p><strong>S\u00e9curit\u00e9 de l&rsquo;information<\/strong> &#8211; pour prot\u00e9ger les donn\u00e9es personnelles de tous les clients et pour s\u00e9curiser tous les aspects l\u00e9gaux afin qu&rsquo;aucune loi ne soit viol\u00e9e.<\/p>\n<p><strong>S\u00e9curit\u00e9<\/strong> &#8211; pour prot\u00e9ger toutes les donn\u00e9es et garantir la s\u00e9curit\u00e9 \u00e0 tout moment \u00e0 l&rsquo;extr\u00eame.<\/p>\n<p><strong>Technologie<\/strong> &#8211; l&rsquo;entreprise investit continuellement dans les derni\u00e8res technologies afin de fournir le meilleur service possible \u00e0 ses clients.<\/p>\n<h2><span id=\"Resultat\">R\u00e9sultat<\/span><\/h2>\n<p>Rapidgator, le plus grand fournisseur avec une interface utilisateur fran\u00e7aise et une large base d&rsquo;utilisateurs en France, \u00e9tablit la norme pour les autres fournisseurs en termes de rapidit\u00e9 et de facilit\u00e9 d&rsquo;utilisation.<\/p>\n<p>Bien que les services sur rapidgator.net puissent \u00e9galement \u00eatre utilis\u00e9s gratuitement, ils ne sont pas comparables \u00e0 la vitesse des offres premium. 30 jours de service client \u00e0 des conditions favorables, il est recommand\u00e9 de v\u00e9rifier le service en d\u00e9tail avant que des dur\u00e9es d&rsquo;ex\u00e9cution plus longues ne soient possibles.<\/p>\n<p>Le seul inconv\u00e9nient de Rapidgator est le manque de service t\u00e9l\u00e9phonique espagnol, mais m\u00eame apr\u00e8s une v\u00e9rification approfondie, nous n&rsquo;avons pas pu trouver un point dans l&rsquo;interface conviviale ou le <a href=\"http:\/\/jdownloader.org\/\">gestionnaire de t\u00e9l\u00e9chargement<\/a> qui ne s&rsquo;explique pas lui-m\u00eame.<\/p>\n<h2><span id=\"Contact\">Contact<\/span><\/h2>\n<p>Support-Hotline: +35722030607<br \/>\nMo-So 9:00-18:00 Uhr<\/p>\n<p>(Support in Englisch)<\/p>\n<p>[maxbutton id=\u00a0\u00bb3&Prime; text=\u00a0\u00bb&gt;&gt;Acheter un compte premium\u00a0\u00bb]<\/p>\n","protected":false},"excerpt":{"rendered":"<p>Pour satisfaire le plus grand nombre de clients, les comptes Premium Rapidgator sont propos\u00e9s avec neuf termes diff\u00e9rents : \u00e0<\/p>\n","protected":false},"author":3,"featured_media":0,"parent":0,"menu_order":0,"comment_status":"closed","ping_status":"closed","template":"page-templates\/page-builder.php","meta":[],"yoast_head":"<!-- This site is optimized with the Yoast SEO plugin v18.3 - https:\/\/yoast.com\/wordpress\/plugins\/seo\/ -->\n<title>RAPIDGATOR PREMIUM ACCOUNT<\/title>\n<meta name=\"description\" content=\"T\u00e9l\u00e9charger des fichiers depuis Rapidgator Cloud Hosting, h\u00e9bergement de fichiers s\u00e9curis\u00e9 et anonyme.\" \/>\n<meta name=\"robots\" content=\"index, follow, max-snippet:-1, max-image-preview:large, max-video-preview:-1\" \/>\n<link rel=\"canonical\" href=\"https:\/\/rapidgatorpremium.net\/new2\/fr\/\" \/>\n<meta property=\"og:locale\" content=\"fr_FR\" \/>\n<meta property=\"og:type\" content=\"article\" \/>\n<meta property=\"og:title\" content=\"RAPIDGATOR PREMIUM ACCOUNT\" \/>\n<meta property=\"og:description\" content=\"T\u00e9l\u00e9charger des fichiers depuis Rapidgator Cloud Hosting, h\u00e9bergement de fichiers s\u00e9curis\u00e9 et anonyme.\" \/>\n<meta property=\"og:url\" content=\"https:\/\/rapidgatorpremium.net\/new2\/fr\/\" \/>\n<meta property=\"og:site_name\" content=\"Rapidgator Premium Account\" \/>\n<meta property=\"article:modified_time\" content=\"2020-12-15T00:06:31+00:00\" \/>\n<meta name=\"twitter:card\" content=\"summary\" \/>\n<meta name=\"twitter:label1\" content=\"Dur\u00e9e de lecture estim\u00e9e\" \/>\n\t<meta name=\"twitter:data1\" content=\"6 minutes\" \/>\n<script type=\"application\/ld+json\" class=\"yoast-schema-graph\">{\"@context\":\"https:\/\/schema.org\",\"@graph\":[{\"@type\":\"WebSite\",\"@id\":\"https:\/\/rapidgatorpremium.net\/new2\/de\/#website\",\"url\":\"https:\/\/rapidgatorpremium.net\/new2\/de\/\",\"name\":\"Rapidgator Premium Account\",\"description\":\"\",\"potentialAction\":[{\"@type\":\"SearchAction\",\"target\":{\"@type\":\"EntryPoint\",\"urlTemplate\":\"https:\/\/rapidgatorpremium.net\/new2\/de\/?s={search_term_string}\"},\"query-input\":\"required name=search_term_string\"}],\"inLanguage\":\"fr-FR\"},{\"@type\":\"WebPage\",\"@id\":\"https:\/\/rapidgatorpremium.net\/new2\/fr\/#webpage\",\"url\":\"https:\/\/rapidgatorpremium.net\/new2\/fr\/\",\"name\":\"RAPIDGATOR PREMIUM ACCOUNT\",\"isPartOf\":{\"@id\":\"https:\/\/rapidgatorpremium.net\/new2\/de\/#website\"},\"datePublished\":\"2018-05-08T22:54:13+00:00\",\"dateModified\":\"2020-12-15T00:06:31+00:00\",\"description\":\"T\u00e9l\u00e9charger des fichiers depuis Rapidgator Cloud Hosting, h\u00e9bergement de fichiers s\u00e9curis\u00e9 et anonyme.\",\"breadcrumb\":{\"@id\":\"https:\/\/rapidgatorpremium.net\/new2\/fr\/#breadcrumb\"},\"inLanguage\":\"fr-FR\",\"potentialAction\":[{\"@type\":\"ReadAction\",\"target\":[\"https:\/\/rapidgatorpremium.net\/new2\/fr\/\"]}]},{\"@type\":\"BreadcrumbList\",\"@id\":\"https:\/\/rapidgatorpremium.net\/new2\/fr\/#breadcrumb\",\"itemListElement\":[{\"@type\":\"ListItem\",\"position\":1,\"name\":\"Startseite\",\"item\":\"https:\/\/rapidgatorpremium.net\/new2\/fr\/\"},{\"@type\":\"ListItem\",\"position\":2,\"name\":\"RAPIDGATOR PREMIUM ACCOUNT\"}]}]}<\/script>\n<!-- \/ Yoast SEO plugin. -->","yoast_head_json":{"title":"RAPIDGATOR PREMIUM ACCOUNT","description":"T\u00e9l\u00e9charger des fichiers depuis Rapidgator Cloud Hosting, h\u00e9bergement de fichiers s\u00e9curis\u00e9 et anonyme.","robots":{"index":"index","follow":"follow","max-snippet":"max-snippet:-1","max-image-preview":"max-image-preview:large","max-video-preview":"max-video-preview:-1"},"canonical":"https:\/\/rapidgatorpremium.net\/new2\/fr\/","og_locale":"fr_FR","og_type":"article","og_title":"RAPIDGATOR PREMIUM ACCOUNT","og_description":"T\u00e9l\u00e9charger des fichiers depuis Rapidgator Cloud Hosting, h\u00e9bergement de fichiers s\u00e9curis\u00e9 et anonyme.","og_url":"https:\/\/rapidgatorpremium.net\/new2\/fr\/","og_site_name":"Rapidgator Premium Account","article_modified_time":"2020-12-15T00:06:31+00:00","twitter_card":"summary","twitter_misc":{"Dur\u00e9e de lecture estim\u00e9e":"6 minutes"},"schema":{"@context":"https:\/\/schema.org","@graph":[{"@type":"WebSite","@id":"https:\/\/rapidgatorpremium.net\/new2\/de\/#website","url":"https:\/\/rapidgatorpremium.net\/new2\/de\/","name":"Rapidgator Premium Account","description":"","potentialAction":[{"@type":"SearchAction","target":{"@type":"EntryPoint","urlTemplate":"https:\/\/rapidgatorpremium.net\/new2\/de\/?s={search_term_string}"},"query-input":"required name=search_term_string"}],"inLanguage":"fr-FR"},{"@type":"WebPage","@id":"https:\/\/rapidgatorpremium.net\/new2\/fr\/#webpage","url":"https:\/\/rapidgatorpremium.net\/new2\/fr\/","name":"RAPIDGATOR PREMIUM ACCOUNT","isPartOf":{"@id":"https:\/\/rapidgatorpremium.net\/new2\/de\/#website"},"datePublished":"2018-05-08T22:54:13+00:00","dateModified":"2020-12-15T00:06:31+00:00","description":"T\u00e9l\u00e9charger des fichiers depuis Rapidgator Cloud Hosting, h\u00e9bergement de fichiers s\u00e9curis\u00e9 et anonyme.","breadcrumb":{"@id":"https:\/\/rapidgatorpremium.net\/new2\/fr\/#breadcrumb"},"inLanguage":"fr-FR","potentialAction":[{"@type":"ReadAction","target":["https:\/\/rapidgatorpremium.net\/new2\/fr\/"]}]},{"@type":"BreadcrumbList","@id":"https:\/\/rapidgatorpremium.net\/new2\/fr\/#breadcrumb","itemListElement":[{"@type":"ListItem","position":1,"name":"Startseite","item":"https:\/\/rapidgatorpremium.net\/new2\/fr\/"},{"@type":"ListItem","position":2,"name":"RAPIDGATOR PREMIUM ACCOUNT"}]}]}},"_links":{"self":[{"href":"https:\/\/rapidgatorpremium.net\/new2\/fr\/wp-json\/wp\/v2\/pages\/167"}],"collection":[{"href":"https:\/\/rapidgatorpremium.net\/new2\/fr\/wp-json\/wp\/v2\/pages"}],"about":[{"href":"https:\/\/rapidgatorpremium.net\/new2\/fr\/wp-json\/wp\/v2\/types\/page"}],"author":[{"embeddable":true,"href":"https:\/\/rapidgatorpremium.net\/new2\/fr\/wp-json\/wp\/v2\/users\/3"}],"replies":[{"embeddable":true,"href":"https:\/\/rapidgatorpremium.net\/new2\/fr\/wp-json\/wp\/v2\/comments?post=167"}],"version-history":[{"count":7,"href":"https:\/\/rapidgatorpremium.net\/new2\/fr\/wp-json\/wp\/v2\/pages\/167\/revisions"}],"predecessor-version":[{"id":291,"href":"https:\/\/rapidgatorpremium.net\/new2\/fr\/wp-json\/wp\/v2\/pages\/167\/revisions\/291"}],"wp:attachment":[{"href":"https:\/\/rapidgatorpremium.net\/new2\/fr\/wp-json\/wp\/v2\/media?parent=167"}],"curies":[{"name":"wp","href":"https:\/\/api.w.org\/{rel}","templated":true}]}}