{"id":168,"date":"2018-05-08T22:53:52","date_gmt":"2018-05-08T22:53:52","guid":{"rendered":"https:\/\/rapidgatorpremium.net\/?page_id=168"},"modified":"2020-12-15T00:01:22","modified_gmt":"2020-12-15T00:01:22","slug":"rapidgator-premium-account","status":"publish","type":"page","link":"https:\/\/rapidgatorpremium.net\/new2\/es\/","title":{"rendered":"RAPIDGATOR PREMIUM ACCOUNT"},"content":{"rendered":"<p>Para satisfacer al mayor n\u00famero de clientes posible, las cuentas Rapidgator Premium se ofrecen con nueve t\u00e9rminos diferentes: desde tan s\u00f3lo $14.99, los clientes pueden utilizar el servicio durante 30 d\u00edas, con un ancho de banda de un terabyte, pero si realmente desea compartir grandes cantidades de archivos de forma rentable, debe utilizar la opci\u00f3n anual de $99.99, que puede almacenar diez terabytes de datos y proporcionar un ancho de banda de doce terabytes.<\/p>\n<p>El cliente puede utilizar el servicio durante 60, 90 y 180 d\u00edas con diferentes vol\u00famenes de almacenamiento y anchos de banda; un terabyte, equivalente a 1000 GB, deber\u00eda ser suficiente incluso para los usuarios m\u00e1s exigentes en condiciones normales, pero si esto no es suficiente, se pueden utilizar vol\u00famenes de almacenamiento ilimitados con cuentas de Rapidgator para todo el per\u00edodo de contrato de 365 d\u00edas.<\/p>\n<div id=\"toc_container\" class=\"no_bullets\"><ul class=\"toc_list\"><li><a href=\"#Las_ventajas\"><span class=\"toc_number toc_depth_1\">1<\/span> Las ventajas<\/a><\/li><li><a href=\"#Costo\"><span class=\"toc_number toc_depth_1\">2<\/span> Costo<\/a><\/li><li><a href=\"#La_interfaz_de_usuario\"><span class=\"toc_number toc_depth_1\">3<\/span> La interfaz de usuario<\/a><\/li><li><a href=\"#La_operacion\"><span class=\"toc_number toc_depth_1\">4<\/span> La operaci\u00f3n<\/a><\/li><li><a href=\"#La_seguridad\"><span class=\"toc_number toc_depth_1\">5<\/span> La seguridad<\/a><\/li><li><a href=\"#Las_opciones_de_pago\"><span class=\"toc_number toc_depth_1\">6<\/span> Las opciones de pago<\/a><\/li><li><a href=\"#Servicio_de_atencion_al_cliente\"><span class=\"toc_number toc_depth_1\">7<\/span> Servicio de atenci\u00f3n al cliente<\/a><\/li><li><a href=\"#Acerca_de_la_empresa\"><span class=\"toc_number toc_depth_1\">8<\/span> Acerca de la empresa<\/a><\/li><li><a href=\"#Rapidgator_se_compromete_a\"><span class=\"toc_number toc_depth_1\">9<\/span> Rapidgator se compromete a<\/a><\/li><li><a href=\"#Resultado\"><span class=\"toc_number toc_depth_1\">10<\/span> Resultado<\/a><\/li><li><a href=\"#Contact\"><span class=\"toc_number toc_depth_1\">11<\/span> Contact<\/a><\/li><\/ul><\/div>\n\n<p>[maxbutton id=\u00bb3&#8243; text=\u00bbComprar la cuenta Premium\u00bb]<\/p>\n<h2><span id=\"Las_ventajas\">Las ventajas<\/span><\/h2>\n<ul>\n<li>Velocidad de descarga y carga muy alta<\/li>\n<li>Los datos s\u00f3lo se eliminar\u00e1n despu\u00e9s de 60 d\u00edas<\/li>\n<li>No hay anuncios<\/li>\n<li>Pro La descarga se puede cargar 5 GB<\/li>\n<li>No hay tiempos de espera<\/li>\n<li>No hay consultas de seguridad para las descargas<\/li>\n<li>No hay limitaci\u00f3n para las descargas simult\u00e1neas<\/li>\n<\/ul>\n<h2><span id=\"Costo\">Costo<\/span><\/h2>\n\n<table id=\"tablepress-15\" class=\"tablepress tablepress-id-15\">\n<thead>\n<tr class=\"row-1 odd\">\n\t<th class=\"column-1\">Dirigir<br \/>\n<\/th><th class=\"column-2\">Abanico<\/th><th class=\"column-3\">Recuerdo<\/th><th class=\"column-4\">Costo<\/th>\n<\/tr>\n<\/thead>\n<tbody class=\"row-hover\">\n<tr class=\"row-2 even\">\n\t<td class=\"column-1\">30<\/td><td class=\"column-2\">1 TB<\/td><td class=\"column-3\">ilimitado<\/td><td class=\"column-4\">14,99 USD<\/td>\n<\/tr>\n<tr class=\"row-3 odd\">\n\t<td class=\"column-1\">30<\/td><td class=\"column-2\">1 TB<\/td><td class=\"column-3\">3 TB<\/td><td class=\"column-4\">14,99 USD<\/td>\n<\/tr>\n<tr class=\"row-4 even\">\n\t<td class=\"column-1\">60<\/td><td class=\"column-2\">2 TB<\/td><td class=\"column-3\">3 TB<\/td><td class=\"column-4\">29,99 USD<\/td>\n<\/tr>\n<tr class=\"row-5 odd\">\n\t<td class=\"column-1\">90<\/td><td class=\"column-2\">4 TB<\/td><td class=\"column-3\">ilimitado<\/td><td class=\"column-4\">39,99 USD<\/td>\n<\/tr>\n<tr class=\"row-6 even\">\n\t<td class=\"column-1\">90<\/td><td class=\"column-2\">4 TB<\/td><td class=\"column-3\">3 TB<\/td><td class=\"column-4\">39,99 USD<\/td>\n<\/tr>\n<tr class=\"row-7 odd\">\n\t<td class=\"column-1\">180<\/td><td class=\"column-2\">6 TB<\/td><td class=\"column-3\">ilimitado<\/td><td class=\"column-4\">49,99 USD<\/td>\n<\/tr>\n<tr class=\"row-8 even\">\n\t<td class=\"column-1\">180<\/td><td class=\"column-2\">6 TB<\/td><td class=\"column-3\">3 TB<\/td><td class=\"column-4\">69,99 USD<\/td>\n<\/tr>\n<tr class=\"row-9 odd\">\n\t<td class=\"column-1\">365<\/td><td class=\"column-2\">12 TB<\/td><td class=\"column-3\">ilimitado<\/td><td class=\"column-4\">99,99 USD<\/td>\n<\/tr>\n<tr class=\"row-10 even\">\n\t<td class=\"column-1\">365<\/td><td class=\"column-2\">12 TB<\/td><td class=\"column-3\">10 TB<\/td><td class=\"column-4\">99,99 USD<\/td>\n<\/tr>\n<\/tbody>\n<\/table>\n\n<p>[maxbutton id=\u00bb3&#8243; text=\u00bbComprar la cuenta Premium\u00bb]<\/p>\n<h2><span id=\"La_interfaz_de_usuario\">La interfaz de usuario<\/span><\/h2>\n<p>Para que los usuarios puedan gestionar sus archivos de forma eficiente, Rapidgator proporciona su propio gestor de archivos, que est\u00e1 disponible en ingl\u00e9s y simplifica enormemente la gesti\u00f3n de los archivos cargados; el usuario puede crear sus propias carpetas para no perder la visi\u00f3n general incluso con grandes cantidades de datos; cada archivo se muestra con el nombre, la fecha de carga y el tama\u00f1o real del archivo; Rapidgator tambi\u00e9n proporciona una funci\u00f3n de b\u00fasqueda si no se puede encontrar un archivo directamente.<\/p>\n<p>Cada nuevo usuario se acostumbrar\u00e1 r\u00e1pidamente a la superficie que est\u00e1 dominada por el color naranja, y la superficie tambi\u00e9n soporta la funci\u00f3n de arrastrar y soltar, lo que hace que sea muy f\u00e1cil de usar.<\/p>\n<h2><span id=\"La_operacion\">La operaci\u00f3n<\/span><\/h2>\n<p>Con una cuenta Rapidgator, el usuario tiene dos opciones para compartir archivos, la mejor opci\u00f3n para archivos peque\u00f1os es a trav\u00e9s del administrador de archivos en el navegador web, que muestra el tiempo estimado restante y la cantidad de datos ya cargados en porcentaje, Si se van a cargar varios archivos y mayores cantidades de datos, la carga a trav\u00e9s del servidor FTP, que permite una mayor velocidad de carga.<\/p>\n<p>Tan pronto como los archivos se cargan en Rapidgator, el usuario recibir\u00e1 un enlace para compartirlos con otros usuarios.<\/p>\n<h2><span id=\"La_seguridad\">La seguridad<\/span><\/h2>\n<p>El proveedor es conocido por su discreci\u00f3n, todos los datos de los usuarios ser\u00e1n tratados de forma estrictamente confidencial y Rapidgator se compromete a no transmitir ninguna informaci\u00f3n a terceros.<\/p>\n<p>Cada carga recibe un enlace individual que no est\u00e1 vinculado l\u00f3gicamente a los archivos y, por lo tanto, es dif\u00edcil de descifrar; no se proporciona protecci\u00f3n mediante contrase\u00f1a para la descarga de archivos, por lo que cualquiera que est\u00e9 en posesi\u00f3n del enlace puede descargar el archivo con la frecuencia que desee.<\/p>\n<p>Al igual que con otros hosters de archivos, la violaci\u00f3n de derechos de autor y otros archivos ilegales tambi\u00e9n son un problema con Rapidgator, mientras que con otros proveedores de las cuentas pueden ser bloqueadas para los archivos ilegales, Rapidgator prefiere borrar s\u00f3lo los archivos en cuesti\u00f3n.<\/p>\n<h2><span id=\"Las_opciones_de_pago\">Las opciones de pago<\/span><\/h2>\n<p>Rapidgator tambi\u00e9n hace todo lo posible para cubrir todas las opciones de pago.<\/p>\n<p>Para ser aceptado:<\/p>\n<ul>\n<li>Webmoney<\/li>\n<li>Mastercard<\/li>\n<li>Visa<\/li>\n<li>Paysafecard<\/li>\n<li>Transferencias bancarias instant\u00e1neas<\/li>\n<li>Sistema de domiciliaci\u00f3n<\/li>\n<\/ul>\n<h2><span id=\"Servicio_de_atencion_al_cliente\">Servicio de atenci\u00f3n al cliente<\/span><\/h2>\n<p>Aunque todas las funciones de la cuenta gratuita de Rapidgator y de las cuentas Premium de Rapidgator se explican porque los men\u00fas de funciones se ofrecen en alem\u00e1n y est\u00e1n claramente estructurados, en el sitio se ofrece un \u00e1rea de preguntas frecuentes en alem\u00e1n.<\/p>\n<p>Si todav\u00eda tiene alguna pregunta, el sitio alem\u00e1n s\u00f3lo proporciona un formulario de contacto donde las preguntas pueden ser respondidas por correo electr\u00f3nico, pero si tambi\u00e9n puede comunicarse en ingl\u00e9s, el soporte telef\u00f3nico est\u00e1 disponible.<\/p>\n<p>Por regla general, todas las consultas se contestan inmediatamente y se caracterizan por una agradable disposici\u00f3n a ayudar; para evitar un intercambio de correos electr\u00f3nicos m\u00e1s prolongado, las consultas deben hacerse de la forma m\u00e1s detallada posible a fin de recibir tambi\u00e9n propuestas de soluci\u00f3n espec\u00edficas y concretas.<\/p>\n<h2><span id=\"Acerca_de_la_empresa\">Acerca de la empresa<\/span><\/h2>\n<p>Rapidgator fue fundada en 2010 en Chipre, donde la empresa sigue teniendo su sede en la actualidad, y seg\u00fan la empresa, alrededor de 1 mill\u00f3n de usuarios utilizan el servicio todos los d\u00edas para almacenar de forma segura y compartir archivos de cualquier tama\u00f1o con amigos.<\/p>\n<p>Las cuentas Rapidgator Premium ofrecen almacenamiento de archivos ilimitado, un administrador de archivos f\u00e1cil de usar y un administrador de descargas seguro.<\/p>\n<h2><span id=\"Rapidgator_se_compromete_a\">Rapidgator se compromete a<\/span><\/h2>\n<p><strong>Servicio<\/strong> &#8211; mejorar constantemente el servicio y establecer la satisfacci\u00f3n del cliente como uno de los objetivos m\u00e1s importantes de la empresa.<\/p>\n<p><strong>Seguridad de la informaci\u00f3n<\/strong> &#8211; para proteger los datos personales de todos los clientes y para asegurar todos los aspectos legales para que no se violen las leyes.<\/p>\n<p><strong>Seguridad<\/strong> &#8211; para proteger todos los datos y garantizar la seguridad en todo momento al m\u00e1ximo.<\/p>\n<p><strong>Tecnolog\u00eda<\/strong> &#8211; la empresa invierte continuamente en las \u00faltimas tecnolog\u00edas para ofrecer el mejor servicio posible a sus clientes.<\/p>\n<h2><span id=\"Resultado\">Resultado<\/span><\/h2>\n<p>Rapidgator es el mayor proveedor con una interfaz de usuario en espa\u00f1ol y disfruta de una gran comunidad de usuarios en Espa\u00f1a, estableciendo el est\u00e1ndar para otros proveedores en t\u00e9rminos de velocidad y facilidad de uso.<\/p>\n<p>Aunque los servicios de rapidgator.net tambi\u00e9n se pueden utilizar gratuitamente, no son comparables a la velocidad de las ofertas premium. 30 d\u00edas de servicio al cliente en condiciones favorables hacen aconsejable comprobar el servicio en detalle antes de que sean posibles tiempos de funcionamiento m\u00e1s largos.<\/p>\n<p>El \u00fanico inconveniente de Rapidgator es la falta de servicio telef\u00f3nico en espa\u00f1ol, pero incluso despu\u00e9s de una comprobaci\u00f3n minuciosa, no pudimos encontrar un punto en la interfaz f\u00e1cil de usar o en el <a href=\"http:\/\/jdownloader.org\/\">gestor de descargas<\/a> que no se explique por s\u00ed mismo.<\/p>\n<h2><span id=\"Contact\">Contact<\/span><\/h2>\n<p>Support-Hotline: +35722030607<br \/>\nMo-So 9:00-18:00 Uhr<\/p>\n<p>(Support in Englisch)<\/p>\n<p>[maxbutton id=\u00bb3&#8243; text=\u00bbComprar la cuenta Premium\u00bb]<\/p>\n","protected":false},"excerpt":{"rendered":"<p>Para satisfacer al mayor n\u00famero de clientes posible, las cuentas Rapidgator Premium se ofrecen con nueve t\u00e9rminos diferentes: desde tan<\/p>\n","protected":false},"author":3,"featured_media":0,"parent":0,"menu_order":0,"comment_status":"closed","ping_status":"closed","template":"page-templates\/page-builder.php","meta":[],"yoast_head":"<!-- This site is optimized with the Yoast SEO plugin v18.3 - https:\/\/yoast.com\/wordpress\/plugins\/seo\/ -->\n<title>RAPIDGATOR PREMIUM ACCOUNT<\/title>\n<meta name=\"description\" content=\"Descargue archivos desde Rapidgator Cloud Hosting, alojamiento de archivos seguro y an\u00f3nimo.\" \/>\n<meta name=\"robots\" content=\"index, follow, max-snippet:-1, max-image-preview:large, max-video-preview:-1\" \/>\n<link rel=\"canonical\" href=\"https:\/\/rapidgatorpremium.net\/new2\/es\/\" \/>\n<meta property=\"og:locale\" content=\"es_ES\" \/>\n<meta property=\"og:type\" content=\"article\" \/>\n<meta property=\"og:title\" content=\"RAPIDGATOR PREMIUM ACCOUNT\" \/>\n<meta property=\"og:description\" content=\"Descargue archivos desde Rapidgator Cloud Hosting, alojamiento de archivos seguro y an\u00f3nimo.\" \/>\n<meta property=\"og:url\" content=\"https:\/\/rapidgatorpremium.net\/new2\/es\/\" \/>\n<meta property=\"og:site_name\" content=\"Rapidgator Premium Account\" \/>\n<meta property=\"article:modified_time\" content=\"2020-12-15T00:01:22+00:00\" \/>\n<meta name=\"twitter:card\" content=\"summary\" \/>\n<meta name=\"twitter:label1\" content=\"Tiempo de lectura\" \/>\n\t<meta name=\"twitter:data1\" content=\"5 minutos\" \/>\n<script type=\"application\/ld+json\" class=\"yoast-schema-graph\">{\"@context\":\"https:\/\/schema.org\",\"@graph\":[{\"@type\":\"WebSite\",\"@id\":\"https:\/\/rapidgatorpremium.net\/new2\/de\/#website\",\"url\":\"https:\/\/rapidgatorpremium.net\/new2\/de\/\",\"name\":\"Rapidgator Premium Account\",\"description\":\"\",\"potentialAction\":[{\"@type\":\"SearchAction\",\"target\":{\"@type\":\"EntryPoint\",\"urlTemplate\":\"https:\/\/rapidgatorpremium.net\/new2\/de\/?s={search_term_string}\"},\"query-input\":\"required name=search_term_string\"}],\"inLanguage\":\"es\"},{\"@type\":\"WebPage\",\"@id\":\"https:\/\/rapidgatorpremium.net\/new2\/es\/#webpage\",\"url\":\"https:\/\/rapidgatorpremium.net\/new2\/es\/\",\"name\":\"RAPIDGATOR PREMIUM ACCOUNT\",\"isPartOf\":{\"@id\":\"https:\/\/rapidgatorpremium.net\/new2\/de\/#website\"},\"datePublished\":\"2018-05-08T22:53:52+00:00\",\"dateModified\":\"2020-12-15T00:01:22+00:00\",\"description\":\"Descargue archivos desde Rapidgator Cloud Hosting, alojamiento de archivos seguro y an\u00f3nimo.\",\"breadcrumb\":{\"@id\":\"https:\/\/rapidgatorpremium.net\/new2\/es\/#breadcrumb\"},\"inLanguage\":\"es\",\"potentialAction\":[{\"@type\":\"ReadAction\",\"target\":[\"https:\/\/rapidgatorpremium.net\/new2\/es\/\"]}]},{\"@type\":\"BreadcrumbList\",\"@id\":\"https:\/\/rapidgatorpremium.net\/new2\/es\/#breadcrumb\",\"itemListElement\":[{\"@type\":\"ListItem\",\"position\":1,\"name\":\"Startseite\",\"item\":\"https:\/\/rapidgatorpremium.net\/new2\/es\/\"},{\"@type\":\"ListItem\",\"position\":2,\"name\":\"RAPIDGATOR PREMIUM ACCOUNT\"}]}]}<\/script>\n<!-- \/ Yoast SEO plugin. -->","yoast_head_json":{"title":"RAPIDGATOR PREMIUM ACCOUNT","description":"Descargue archivos desde Rapidgator Cloud Hosting, alojamiento de archivos seguro y an\u00f3nimo.","robots":{"index":"index","follow":"follow","max-snippet":"max-snippet:-1","max-image-preview":"max-image-preview:large","max-video-preview":"max-video-preview:-1"},"canonical":"https:\/\/rapidgatorpremium.net\/new2\/es\/","og_locale":"es_ES","og_type":"article","og_title":"RAPIDGATOR PREMIUM ACCOUNT","og_description":"Descargue archivos desde Rapidgator Cloud Hosting, alojamiento de archivos seguro y an\u00f3nimo.","og_url":"https:\/\/rapidgatorpremium.net\/new2\/es\/","og_site_name":"Rapidgator Premium Account","article_modified_time":"2020-12-15T00:01:22+00:00","twitter_card":"summary","twitter_misc":{"Tiempo de lectura":"5 minutos"},"schema":{"@context":"https:\/\/schema.org","@graph":[{"@type":"WebSite","@id":"https:\/\/rapidgatorpremium.net\/new2\/de\/#website","url":"https:\/\/rapidgatorpremium.net\/new2\/de\/","name":"Rapidgator Premium Account","description":"","potentialAction":[{"@type":"SearchAction","target":{"@type":"EntryPoint","urlTemplate":"https:\/\/rapidgatorpremium.net\/new2\/de\/?s={search_term_string}"},"query-input":"required name=search_term_string"}],"inLanguage":"es"},{"@type":"WebPage","@id":"https:\/\/rapidgatorpremium.net\/new2\/es\/#webpage","url":"https:\/\/rapidgatorpremium.net\/new2\/es\/","name":"RAPIDGATOR PREMIUM ACCOUNT","isPartOf":{"@id":"https:\/\/rapidgatorpremium.net\/new2\/de\/#website"},"datePublished":"2018-05-08T22:53:52+00:00","dateModified":"2020-12-15T00:01:22+00:00","description":"Descargue archivos desde Rapidgator Cloud Hosting, alojamiento de archivos seguro y an\u00f3nimo.","breadcrumb":{"@id":"https:\/\/rapidgatorpremium.net\/new2\/es\/#breadcrumb"},"inLanguage":"es","potentialAction":[{"@type":"ReadAction","target":["https:\/\/rapidgatorpremium.net\/new2\/es\/"]}]},{"@type":"BreadcrumbList","@id":"https:\/\/rapidgatorpremium.net\/new2\/es\/#breadcrumb","itemListElement":[{"@type":"ListItem","position":1,"name":"Startseite","item":"https:\/\/rapidgatorpremium.net\/new2\/es\/"},{"@type":"ListItem","position":2,"name":"RAPIDGATOR PREMIUM ACCOUNT"}]}]}},"_links":{"self":[{"href":"https:\/\/rapidgatorpremium.net\/new2\/es\/wp-json\/wp\/v2\/pages\/168"}],"collection":[{"href":"https:\/\/rapidgatorpremium.net\/new2\/es\/wp-json\/wp\/v2\/pages"}],"about":[{"href":"https:\/\/rapidgatorpremium.net\/new2\/es\/wp-json\/wp\/v2\/types\/page"}],"author":[{"embeddable":true,"href":"https:\/\/rapidgatorpremium.net\/new2\/es\/wp-json\/wp\/v2\/users\/3"}],"replies":[{"embeddable":true,"href":"https:\/\/rapidgatorpremium.net\/new2\/es\/wp-json\/wp\/v2\/comments?post=168"}],"version-history":[{"count":7,"href":"https:\/\/rapidgatorpremium.net\/new2\/es\/wp-json\/wp\/v2\/pages\/168\/revisions"}],"predecessor-version":[{"id":293,"href":"https:\/\/rapidgatorpremium.net\/new2\/es\/wp-json\/wp\/v2\/pages\/168\/revisions\/293"}],"wp:attachment":[{"href":"https:\/\/rapidgatorpremium.net\/new2\/es\/wp-json\/wp\/v2\/media?parent=168"}],"curies":[{"name":"wp","href":"https:\/\/api.w.org\/{rel}","templated":true}]}}