{"id":19,"date":"2018-03-18T16:11:33","date_gmt":"2018-03-18T16:11:33","guid":{"rendered":"http:\/\/rapidgatorpremium.net\/?page_id=19"},"modified":"2020-12-15T00:06:19","modified_gmt":"2020-12-15T00:06:19","slug":"rapidgator-premium","status":"publish","type":"page","link":"https:\/\/rapidgatorpremium.net\/new2\/de\/","title":{"rendered":"RAPIDGATOR PREMIUM ACCOUNT"},"content":{"rendered":"<p>Um einen m\u00f6glichst gro\u00dfen Kundenkreis zufrieden stellen zu k\u00f6nnen, werden die Rapidgator Premium Accounts mit neun verschiedenen Laufzeiten angeboten. Schon ab 14,99 $ k\u00f6nnen Kunden den Service 30 Tage lang nutzen, mit einer Bandbreite von einem Terabyte. Wer aber wirklich kosteng\u00fcnstig gro\u00dfe Dateimengen teilen m\u00f6chte, der sollte die Jahresoption f\u00fcr 99,99 $ nutzen, mit der zehn Terabyte Daten gespeichert werden k\u00f6nnen und eine Bandbreite von zw\u00f6lf Terabyte zur Verf\u00fcgung gestellt wird.<\/p>\n<p>Wie schon vorher erw\u00e4hnt, setzt Rapidgator (Premium) auf Flexibilit\u00e4t bei dem Serviceangebot. Der Kunde kann den Service auch f\u00fcr 60, 90 und 180 Tage mit verschiedenen Speichermengen und Bandbreiten nutzen. Die Datenmenge von einem Terabyte, das entspricht 1000 GB, d\u00fcrfte unter normalen Bedingungen auch f\u00fcr die anspruchsvollsten Benutzer ausreichen. Wem dies aber nicht ausreicht, kann auch unlimitierte Speichermengen mit den Rapidgator Accounts nutzen, \u00fcber die gesamte Vertragsdauer von 365 Tagen.<\/p>\n<div id=\"toc_container\" class=\"no_bullets\"><ul class=\"toc_list\"><li><a href=\"#Die_Vorteile\"><span class=\"toc_number toc_depth_1\">1<\/span> Die Vorteile<\/a><\/li><li><a href=\"#Preise\"><span class=\"toc_number toc_depth_1\">2<\/span> Preise<\/a><\/li><li><a href=\"#Die_Benutzeroberflaeche\"><span class=\"toc_number toc_depth_1\">3<\/span> Die Benutzeroberfl\u00e4che<\/a><\/li><li><a href=\"#Die_Bedienung\"><span class=\"toc_number toc_depth_1\">4<\/span> Die Bedienung<\/a><\/li><li><a href=\"#Die_Sicherheit\"><span class=\"toc_number toc_depth_1\">5<\/span> Die Sicherheit<\/a><\/li><li><a href=\"#Die_Zahlungsmoeglichkeiten\"><span class=\"toc_number toc_depth_1\">6<\/span> Die Zahlungsm\u00f6glichkeiten<\/a><\/li><li><a href=\"#Der_Kundenservice\"><span class=\"toc_number toc_depth_1\">7<\/span> Der Kundenservice<\/a><\/li><li><a href=\"#Ueber_das_Unternehmen\"><span class=\"toc_number toc_depth_1\">8<\/span> \u00dcber das Unternehmen<\/a><\/li><li><a href=\"#Rapidgator_verpflichtet_sich\"><span class=\"toc_number toc_depth_1\">9<\/span> Rapidgator verpflichtet sich<\/a><\/li><li><a href=\"#Fazit\"><span class=\"toc_number toc_depth_1\">10<\/span> Fazit<\/a><\/li><li><a href=\"#Kontakt\"><span class=\"toc_number toc_depth_1\">11<\/span> Kontakt<\/a><\/li><\/ul><\/div>\n\n<p>[maxbutton id=&#8220;3&#8243;]<\/p>\n<p>\u00a0<\/p>\n<h2><span id=\"Die_Vorteile\">Die Vorteile<\/span><\/h2>\n<ul>\n<li>Sehr hohe Download und Upload Geschwindigkeit<\/li>\n<li>Daten werden erst nach 60 Tagen gel\u00f6scht<\/li>\n<li>Keine Werbeanzeigen<\/li>\n<li>Pro Download k\u00f6nnen 5 GB hochgeladen werden<\/li>\n<li>Keine Wartezeiten<\/li>\n<li>Keine Sicherheitsabfragen bei Downloads<\/li>\n<li>Keine Begrenzung bei gleichzeitigen Downloads<\/li>\n<\/ul>\n<h2><span id=\"Preise\">Preise<\/span><\/h2>\n\n<table id=\"tablepress-9\" class=\"tablepress tablepress-id-9\">\n<thead>\n<tr class=\"row-1 odd\">\n\t<th class=\"column-1\">Laufzeit<\/th><th class=\"column-2\">Bandbreite<\/th><th class=\"column-3\">Speicherplatz<\/th><th class=\"column-4\">Kosten<\/th>\n<\/tr>\n<\/thead>\n<tbody class=\"row-hover\">\n<tr class=\"row-2 even\">\n\t<td class=\"column-1\">30<\/td><td class=\"column-2\">1 TB<\/td><td class=\"column-3\">unlimitiert<\/td><td class=\"column-4\">14,99 USD<\/td>\n<\/tr>\n<tr class=\"row-3 odd\">\n\t<td class=\"column-1\">30<\/td><td class=\"column-2\">1 TB<\/td><td class=\"column-3\">3 TB<\/td><td class=\"column-4\">14,99 USD<\/td>\n<\/tr>\n<tr class=\"row-4 even\">\n\t<td class=\"column-1\">60<\/td><td class=\"column-2\">2 TB<\/td><td class=\"column-3\">3 TB<\/td><td class=\"column-4\">29,99 USD<\/td>\n<\/tr>\n<tr class=\"row-5 odd\">\n\t<td class=\"column-1\">90<\/td><td class=\"column-2\">4 TB<\/td><td class=\"column-3\">unlimitiert<\/td><td class=\"column-4\">39,99 USD<\/td>\n<\/tr>\n<tr class=\"row-6 even\">\n\t<td class=\"column-1\">90<\/td><td class=\"column-2\">4 TB<\/td><td class=\"column-3\">3 TB<\/td><td class=\"column-4\">39,99 USD<\/td>\n<\/tr>\n<tr class=\"row-7 odd\">\n\t<td class=\"column-1\">180<\/td><td class=\"column-2\">6 TB<\/td><td class=\"column-3\">unlimitiert<\/td><td class=\"column-4\">49,99 USD<\/td>\n<\/tr>\n<tr class=\"row-8 even\">\n\t<td class=\"column-1\">180<\/td><td class=\"column-2\">6 TB<\/td><td class=\"column-3\">3 TB<\/td><td class=\"column-4\">69,99 USD<\/td>\n<\/tr>\n<tr class=\"row-9 odd\">\n\t<td class=\"column-1\">365<\/td><td class=\"column-2\">12 TB<\/td><td class=\"column-3\">unlimitiert<\/td><td class=\"column-4\">99,99 USD<\/td>\n<\/tr>\n<tr class=\"row-10 even\">\n\t<td class=\"column-1\">365<\/td><td class=\"column-2\">12 TB<\/td><td class=\"column-3\">10 TB<\/td><td class=\"column-4\">99,99 USD<\/td>\n<\/tr>\n<\/tbody>\n<\/table>\n<!-- #tablepress-9 from cache -->\n<p>[maxbutton id=&#8220;3&#8243;]<\/p>\n<p>\u00a0<\/p>\n<h2><span id=\"Die_Benutzeroberflaeche\">Die Benutzeroberfl\u00e4che<\/span><\/h2>\n<p>Damit die Benutzer effizient Ihre Dateien verwalten k\u00f6nnen, stellt Rapidgator einen eigenen Dateimanager zur Verf\u00fcgung. Er ist in deutscher Sprache und erleichtert die Verwaltung der hochgeladenen Dateien enorm. Der Benutzer kann eigene Ordner erstellen, um auch bei gro\u00dfen Datenmengen die \u00dcbersicht nicht zu verlieren. Jede Datei wird mit dem Namen, dem Datum des Uploads und der tats\u00e4chlichen Dateigr\u00f6\u00dfe angezeigt. Rapidgator stellt auch eine Suchfunktion zur Verf\u00fcgung, wenn doch mal eine Datei nicht direkt gefunden werden kann.<\/p>\n<p>Jeder neue Benutzer wird sich schnell an die Oberfl\u00e4che gew\u00f6hnen, in der die Marken Farbe Orange dominiert. Die Oberfl\u00e4che unterst\u00fctzt auch die Drag und Drop Funktion, mit der die Bedienung kinderleicht ist.<\/p>\n<h2><span id=\"Die_Bedienung\">Die Bedienung<\/span><\/h2>\n<p>Mit einem Rapidgator Account hat der Benutzer zwei Optionen um Dateien zu teilen. Die beste Option f\u00fcr kleine Dateien ist \u00fcber den Dateimanager im Web-Browser, der die gesch\u00e4tzte Restzeit und die schon hoch geladene Datenmenge in Prozent anzeigt. Wenn mehrere Dateien und gr\u00f6\u00dfere Datenmengen hochgeladen werden soll, sollte der Upload <a href=\"https:\/\/www.strato.de\/faq\/article\/2095\/Was-ist-FTP-und-wie-kann-ich-es-nutzen.html\" target=\"_blank\" rel=\"noopener noreferrer\">\u00fcber den FTP-Server<\/a> genutzt werden, der h\u00f6here Uploadgeschwindigkeiten erlaubt.<\/p>\n<p>Sobald die Dateien in Rapidgator hochgeladen wurden, bekommt der Benutzer einen Link zugeschickt, mit dem sie mit beliebig vielen anderen geteilt werden k\u00f6nnen.<\/p>\n<h2><span id=\"Die_Sicherheit\">Die Sicherheit<\/span><\/h2>\n<p>Der Anbieter ist bekannt f\u00fcr seine Diskretion, alle Nutzerdaten werden streng vertraulich behandelt. Rapidgator verpflichtet sich keine Informationen an Dritte weiterzugeben.<\/p>\n<p>Jeder Upload erh\u00e4lt einen individuellen Link, der in keiner logischen Verbindung zu den Dateien steht und dadurch nur schwer zu knacken ist. Ein Passwortschutz f\u00fcr das Herunterladen von Dateien ist nicht vorgesehen, so dass jeder, der im Besitz des Links ist, die Datei beliebig oft herunterladen kann.<\/p>\n<p>Wie bei anderen Filehoster Anbietern, sind die Verst\u00f6\u00dfe gegen das Urheberrecht und andere illegale Dateien auch bei Rapidgator ein Problem. W\u00e4hrend bei anderen Anbietern die Konten schon einmal wegen illegalen Dateien gesperrt werden k\u00f6nnen, zieht es Rapidgator vor, nur die betroffenen Dateien zu l\u00f6schen.<\/p>\n<h2><span id=\"Die_Zahlungsmoeglichkeiten\"><strong>Die Zahlungsm\u00f6glichkeiten<\/strong><\/span><\/h2>\n<p>Auch bei den Zahlungsm\u00f6glichkeiten gibt sich Rapidgator M\u00fche alle M\u00f6glichkeiten abzudecken.<\/p>\n<p>Akzeptiert werden:<\/p>\n<ul>\n<li>Webmoney<\/li>\n<li>Mastercard<\/li>\n<li>Visa<\/li>\n<li>Paysafecard<\/li>\n<li>Sofort\u00fcberweisungen<\/li>\n<li>Lastschriftverfahren<\/li>\n<\/ul>\n<h2><span id=\"Der_Kundenservice\"><strong>Der Kundenservice<\/strong><\/span><\/h2>\n<p>Auch wenn alle Funktionen des kostenlosen Rapidgator Kontos und der Rapidgator Premium Accounts sich selber erkl\u00e4ren, weil die Funktionsmen\u00fcs in Deutsch angeboten werden und klar strukturiert sind, wird auf der Seite ein deutscher FAQ Bereich angeboten.<\/p>\n<p>Wenn trotzdem noch Fragen auftreten, wird auf der deutschen Seite nur ein Kontaktformular zur Verf\u00fcgung gestellt, bei dem die Fragen per E-Mail beantwortet werden. Wer aber auch in Englisch kommunizieren kann, dem steht ein telefonischer Support zur Verf\u00fcgung.<\/p>\n<p>In der Regel werden alle Anfragen umgehend beantwortet und zeichnen sich durch eine angenehme Hilfsbereitschaft aus. Um einen l\u00e4ngeren E-Mail Austausch zu verhindern, sollten die Anfragen m\u00f6glichst detailliert gestellt werden, um auch spezifische und konkrete L\u00f6sungsvorschl\u00e4ge zu erhalten.<\/p>\n<h2><span id=\"Ueber_das_Unternehmen\"><strong>\u00dcber das Unternehmen<\/strong><\/span><\/h2>\n<p><a href=\"https:\/\/rapidgator.info\/\" target=\"_blank\" rel=\"noopener noreferrer\">Rapidgator wurde 2010 in Zypern gegr\u00fcndet<\/a>, wo sich auch heute noch der Hauptsitz der Firma befindet. Laut dem Unternehmen benutzen t\u00e4glich rund 1 Million Benutzer den Service, um Dateien jeder Gr\u00f6\u00dfe sicher zu speichern und mit Freunden auszutauschen.<\/p>\n<p>Das Unternehmen hat sich vorgenommen unlimitierte Downloadgeschwindigkeiten und eine 99,99 prozentige Verf\u00fcgbarkeit ihren Kunden zur Verf\u00fcgung zu stellen. Die Rapidgator Premium Accounts bieten unlimitierte Dateispeicherung, einen benutzerfreundlichen File Manager sowie einen sicheren Download Manager.<\/p>\n<h2><span id=\"Rapidgator_verpflichtet_sich\"><strong>Rapidgator verpflichtet sich<\/strong><\/span><\/h2>\n<p><strong>Service<\/strong> &#8211; den Service konstant zu verbessern und die Kundenzufriedenheit als eines der wichtigsten Unternehmensziele zu etablieren.<\/p>\n<p><strong>Informationssicherheit<\/strong> &#8211; die pers\u00f6nlichen Daten aller Kunden zu sch\u00fctzen und alle rechtlichen Aspekte abzusichern, damit keine Gesetze verletzt werden.<\/p>\n<p><strong>Sicherheit<\/strong> &#8211; alle Daten zu sch\u00fctzen und die Sicherheit zu jeder Zeit bis ins Extreme zu garantieren.<\/p>\n<p><strong>Technologie<\/strong> &#8211; das Unternehmen investiert laufend in die neuesten Technologien um den Kunden den bestm\u00f6glichen Service bieten zu k\u00f6nnen.<\/p>\n<h2><span id=\"Fazit\">Fazit<\/span><\/h2>\n<p>Rapidgator ist der gr\u00f6\u00dfte Anbieter mit einer deutschsprachigen Bedieneroberfl\u00e4che und erfreut sich in Deutschland \u00fcber eine gro\u00dfe Benutzergemeinde. Die Geschwindigkeit und Benutzerfreundlichkeit setzen den Ma\u00dfstab f\u00fcr andere Anbieter. Die Rapidgator Premium Accounts werden mit verschiedenen Laufzeiten angeboten, so dass sie sich an jedes Bed\u00fcrfnis der Benutzer anpassen.<\/p>\n<p>Obwohl die Dienstleistungen auf rapidgator.net auch kostenlos genutzt werden k\u00f6nnen, stehen sie in keinem Vergleich zu der Geschwindigkeit der Premium Angebote. Durch die g\u00fcnstigen Konditionen Kundenservice f\u00fcr 30 Tage nutzen zu k\u00f6nnen, ist es ratsam den Service erst einmal eingehend zu pr\u00fcfen, bevor l\u00e4ngerer Laufzeiten infrage kommen.<\/p>\n<p>Das einzig Manko von Rapidgator ist der fehlende deutsche Telefon Service. Aber selbst nach eingehender Pr\u00fcfung, konnten wir keinen Punkt in der benutzerfreundlichen Oberfl\u00e4che oder dem <a href=\"http:\/\/jdownloader.org\/\">Download Manager<\/a> finden, der sich nicht selber erkl\u00e4rt.<\/p>\n<h2><span id=\"Kontakt\">Kontakt<\/span><\/h2>\n<p>Support-Hotline: +35722030607<br \/>Mo-So 9:00-18:00 Uhr<\/p>\n<p>(Support in Englisch)<\/p>\n<p>[maxbutton id=&#8220;3&#8243;]<\/p>\n\n\n<p><\/p>\n","protected":false},"excerpt":{"rendered":"<p>Um einen m\u00f6glichst gro\u00dfen Kundenkreis zufrieden stellen zu k\u00f6nnen, werden die Rapidgator Premium Accounts mit neun verschiedenen Laufzeiten angeboten. Schon<\/p>\n","protected":false},"author":3,"featured_media":0,"parent":0,"menu_order":0,"comment_status":"closed","ping_status":"closed","template":"page-templates\/page-builder.php","meta":[],"yoast_head":"<!-- This site is optimized with the Yoast SEO plugin v18.3 - https:\/\/yoast.com\/wordpress\/plugins\/seo\/ -->\n<title>RAPIDGATOR PREMIUM ACCOUNT<\/title>\n<meta name=\"description\" content=\"Downloade Dateien von Rapidgator. Cloud Hosting, sicheres und anonymes File Hosting\" \/>\n<meta name=\"robots\" content=\"index, follow, max-snippet:-1, max-image-preview:large, max-video-preview:-1\" \/>\n<link rel=\"canonical\" href=\"https:\/\/rapidgatorpremium.net\/new2\/de\/\" \/>\n<meta property=\"og:locale\" content=\"de_DE\" \/>\n<meta property=\"og:type\" content=\"article\" \/>\n<meta property=\"og:title\" content=\"RAPIDGATOR PREMIUM ACCOUNT\" \/>\n<meta property=\"og:description\" content=\"Downloade Dateien von Rapidgator. Cloud Hosting, sicheres und anonymes File Hosting\" \/>\n<meta property=\"og:url\" content=\"https:\/\/rapidgatorpremium.net\/new2\/de\/\" \/>\n<meta property=\"og:site_name\" content=\"Rapidgator Premium Account\" \/>\n<meta property=\"article:modified_time\" content=\"2020-12-15T00:06:19+00:00\" \/>\n<meta name=\"twitter:card\" content=\"summary\" \/>\n<meta name=\"twitter:label1\" content=\"Gesch\u00e4tzte Lesezeit\" \/>\n\t<meta name=\"twitter:data1\" content=\"5\u00a0Minuten\" \/>\n<script type=\"application\/ld+json\" class=\"yoast-schema-graph\">{\"@context\":\"https:\/\/schema.org\",\"@graph\":[{\"@type\":\"WebSite\",\"@id\":\"https:\/\/rapidgatorpremium.net\/new2\/de\/#website\",\"url\":\"https:\/\/rapidgatorpremium.net\/new2\/de\/\",\"name\":\"Rapidgator Premium Account\",\"description\":\"\",\"potentialAction\":[{\"@type\":\"SearchAction\",\"target\":{\"@type\":\"EntryPoint\",\"urlTemplate\":\"https:\/\/rapidgatorpremium.net\/new2\/de\/?s={search_term_string}\"},\"query-input\":\"required name=search_term_string\"}],\"inLanguage\":\"de\"},{\"@type\":\"WebPage\",\"@id\":\"https:\/\/rapidgatorpremium.net\/new2\/de\/#webpage\",\"url\":\"https:\/\/rapidgatorpremium.net\/new2\/de\/\",\"name\":\"RAPIDGATOR PREMIUM ACCOUNT\",\"isPartOf\":{\"@id\":\"https:\/\/rapidgatorpremium.net\/new2\/de\/#website\"},\"datePublished\":\"2018-03-18T16:11:33+00:00\",\"dateModified\":\"2020-12-15T00:06:19+00:00\",\"description\":\"Downloade Dateien von Rapidgator. Cloud Hosting, sicheres und anonymes File Hosting\",\"breadcrumb\":{\"@id\":\"https:\/\/rapidgatorpremium.net\/new2\/de\/#breadcrumb\"},\"inLanguage\":\"de\",\"potentialAction\":[{\"@type\":\"ReadAction\",\"target\":[\"https:\/\/rapidgatorpremium.net\/new2\/de\/\"]}]},{\"@type\":\"BreadcrumbList\",\"@id\":\"https:\/\/rapidgatorpremium.net\/new2\/de\/#breadcrumb\",\"itemListElement\":[{\"@type\":\"ListItem\",\"position\":1,\"name\":\"Startseite\",\"item\":\"https:\/\/rapidgatorpremium.net\/new2\/de\/\"},{\"@type\":\"ListItem\",\"position\":2,\"name\":\"RAPIDGATOR PREMIUM ACCOUNT\"}]}]}<\/script>\n<!-- \/ Yoast SEO plugin. -->","yoast_head_json":{"title":"RAPIDGATOR PREMIUM ACCOUNT","description":"Downloade Dateien von Rapidgator. Cloud Hosting, sicheres und anonymes File Hosting","robots":{"index":"index","follow":"follow","max-snippet":"max-snippet:-1","max-image-preview":"max-image-preview:large","max-video-preview":"max-video-preview:-1"},"canonical":"https:\/\/rapidgatorpremium.net\/new2\/de\/","og_locale":"de_DE","og_type":"article","og_title":"RAPIDGATOR PREMIUM ACCOUNT","og_description":"Downloade Dateien von Rapidgator. Cloud Hosting, sicheres und anonymes File Hosting","og_url":"https:\/\/rapidgatorpremium.net\/new2\/de\/","og_site_name":"Rapidgator Premium Account","article_modified_time":"2020-12-15T00:06:19+00:00","twitter_card":"summary","twitter_misc":{"Gesch\u00e4tzte Lesezeit":"5\u00a0Minuten"},"schema":{"@context":"https:\/\/schema.org","@graph":[{"@type":"WebSite","@id":"https:\/\/rapidgatorpremium.net\/new2\/de\/#website","url":"https:\/\/rapidgatorpremium.net\/new2\/de\/","name":"Rapidgator Premium Account","description":"","potentialAction":[{"@type":"SearchAction","target":{"@type":"EntryPoint","urlTemplate":"https:\/\/rapidgatorpremium.net\/new2\/de\/?s={search_term_string}"},"query-input":"required name=search_term_string"}],"inLanguage":"de"},{"@type":"WebPage","@id":"https:\/\/rapidgatorpremium.net\/new2\/de\/#webpage","url":"https:\/\/rapidgatorpremium.net\/new2\/de\/","name":"RAPIDGATOR PREMIUM ACCOUNT","isPartOf":{"@id":"https:\/\/rapidgatorpremium.net\/new2\/de\/#website"},"datePublished":"2018-03-18T16:11:33+00:00","dateModified":"2020-12-15T00:06:19+00:00","description":"Downloade Dateien von Rapidgator. Cloud Hosting, sicheres und anonymes File Hosting","breadcrumb":{"@id":"https:\/\/rapidgatorpremium.net\/new2\/de\/#breadcrumb"},"inLanguage":"de","potentialAction":[{"@type":"ReadAction","target":["https:\/\/rapidgatorpremium.net\/new2\/de\/"]}]},{"@type":"BreadcrumbList","@id":"https:\/\/rapidgatorpremium.net\/new2\/de\/#breadcrumb","itemListElement":[{"@type":"ListItem","position":1,"name":"Startseite","item":"https:\/\/rapidgatorpremium.net\/new2\/de\/"},{"@type":"ListItem","position":2,"name":"RAPIDGATOR PREMIUM ACCOUNT"}]}]}},"_links":{"self":[{"href":"https:\/\/rapidgatorpremium.net\/new2\/de\/wp-json\/wp\/v2\/pages\/19"}],"collection":[{"href":"https:\/\/rapidgatorpremium.net\/new2\/de\/wp-json\/wp\/v2\/pages"}],"about":[{"href":"https:\/\/rapidgatorpremium.net\/new2\/de\/wp-json\/wp\/v2\/types\/page"}],"author":[{"embeddable":true,"href":"https:\/\/rapidgatorpremium.net\/new2\/de\/wp-json\/wp\/v2\/users\/3"}],"replies":[{"embeddable":true,"href":"https:\/\/rapidgatorpremium.net\/new2\/de\/wp-json\/wp\/v2\/comments?post=19"}],"version-history":[{"count":33,"href":"https:\/\/rapidgatorpremium.net\/new2\/de\/wp-json\/wp\/v2\/pages\/19\/revisions"}],"predecessor-version":[{"id":331,"href":"https:\/\/rapidgatorpremium.net\/new2\/de\/wp-json\/wp\/v2\/pages\/19\/revisions\/331"}],"wp:attachment":[{"href":"https:\/\/rapidgatorpremium.net\/new2\/de\/wp-json\/wp\/v2\/media?parent=19"}],"curies":[{"name":"wp","href":"https:\/\/api.w.org\/{rel}","templated":true}]}}